 {"id":18473,"date":"2024-07-18T11:18:36","date_gmt":"2024-07-18T09:18:36","guid":{"rendered":"https:\/\/air-city-service.com\/accueil\/"},"modified":"2024-07-18T11:18:47","modified_gmt":"2024-07-18T09:18:47","slug":"accueil","status":"publish","type":"page","link":"https:\/\/airport-shuttle.com\/fr\/accueil\/","title":{"rendered":"Accueil"},"content":{"rendered":"<div class=\"wpb-content-wrapper\"><p>[vc_row full_width=\u00a0\u00bbstretch_row_content_no_spaces\u00a0\u00bb el_class=\u00a0\u00bbtheme-overflow-hidden\u00a0\u00bb][vc_column el_class=\u00a0\u00bbtheme-margin-bottom-0&Prime;]\n\t\t\t<!-- START Sliderhome2 REVOLUTION SLIDER 6.7.28 --><p class=\"rs-p-wp-fix\"><\/p>\n\t\t\t<rs-module-wrap id=\"rev_slider_1_1_wrapper\" data-source=\"gallery\" style=\"visibility:hidden;background:transparent;padding:0;margin:0px auto;margin-top:0;margin-bottom:0;\">\n\t\t\t\t<rs-module id=\"rev_slider_1_1\" style=\"\" data-version=\"6.7.28\">\n\t\t\t\t\t<rs-slides style=\"overflow: hidden; position: absolute;\">\n\t\t\t\t\t\t<rs-slide style=\"position: absolute;\" data-key=\"rs-1\" data-title=\"Slide\" data-thumb=\"\/\/air-city-service.com\/wp-content\/uploads\/revslider\/slider-home-2\/slider_03.jpg\" data-anim=\"ms:1500ms;\" data-filter=\"e:late;b:6;\" data-in=\"o:0;sx:1.05;sy:1.05;e:power1.in;\">\n\t\t\t\t\t\t\t<img decoding=\"async\" src=\"\/\/airport-shuttle.com\/wp-content\/plugins\/revslider\/sr6\/assets\/assets\/dummy.png\" alt=\"\" title=\"slider_03.jpg\" width=\"1920\" height=\"640\" class=\"rev-slidebg tp-rs-img rs-lazyload\" data-lazyload=\"\/\/air-city-service.com\/wp-content\/uploads\/revslider\/slider-home-2\/slider_03.jpg\" data-no-retina>\n<!--\n\t\t\t\t\t\t\t--><rs-layer\n\t\t\t\t\t\t\t\tid=\"slider-1-slide-1-layer-0\" \n\t\t\t\t\t\t\t\tdata-type=\"text\"\n\t\t\t\t\t\t\t\tdata-rsp_ch=\"on\"\n\t\t\t\t\t\t\t\tdata-xy=\"x:c;yo:240px,240px,255px,250px;\"\n\t\t\t\t\t\t\t\tdata-text=\"w:normal;s:60,60,50,24;l:72,72,60,34;fw:900;a:center;\"\n\t\t\t\t\t\t\t\tdata-dim=\"w:1220px,940px,750px,460px;\"\n\t\t\t\t\t\t\t\tdata-frame_0=\"oZ:0px;\"\n\t\t\t\t\t\t\t\tdata-frame_0_words=\"d:5;y:100px,77px,61px,37px;rX:0deg;\"\n\t\t\t\t\t\t\t\tdata-frame_1=\"e:power4.inOut;st:500;sp:2000;sR:500;\"\n\t\t\t\t\t\t\t\tdata-frame_1_words=\"e:power4.inOut;d:12;\"\n\t\t\t\t\t\t\t\tdata-frame_999=\"o:0;e:power4.inOut;st:w;sp:1000;\"\n\t\t\t\t\t\t\t\tstyle=\"z-index:10;font-family:'Lato';\"\n\t\t\t\t\t\t\t>The Car and Limousine Service \n\t\t\t\t\t\t\t<\/rs-layer><!--\n\n\t\t\t\t\t\t\t--><rs-layer\n\t\t\t\t\t\t\t\tid=\"slider-1-slide-1-layer-1\" \n\t\t\t\t\t\t\t\tdata-type=\"text\"\n\t\t\t\t\t\t\t\tdata-rsp_ch=\"on\"\n\t\t\t\t\t\t\t\tdata-xy=\"x:c;y:m;yo:30px,30px,30px,-10px;\"\n\t\t\t\t\t\t\t\tdata-text=\"w:normal;s:38,38,32,21;l:44,44,44,32;fw:300;a:center;\"\n\t\t\t\t\t\t\t\tdata-dim=\"w:1220px,940px,750px,460px;\"\n\t\t\t\t\t\t\t\tdata-frame_0=\"y:20px,15px,11px,6px;\"\n\t\t\t\t\t\t\t\tdata-frame_1=\"st:2000;sp:1500;sR:2000;\"\n\t\t\t\t\t\t\t\tdata-frame_999=\"o:0;st:w;sp:1000;sR:3500;\"\n\t\t\t\t\t\t\t\tstyle=\"z-index:9;font-family:'Lato';\"\n\t\t\t\t\t\t\t>Worldwide Airport Transfer and Car Service \n\t\t\t\t\t\t\t<\/rs-layer><!--\n\n\t\t\t\t\t\t\t--><a id=\"slider-1-slide-1-layer-2\" class=\"rs-layer rev-btn\" href=\"https:\/\/1.envato.market\/quanticalabs\" target=\"_blank\" rel=\"nofollow noopener\" data-type=\"button\" data-xy=\"x:c;y:m;yo:125px,125px,115px,60px;\" data-text=\"w:normal;s:14;l:50;a:center;\" data-dim=\"w:190px;h:52px;\" data-rsp_o=\"off\" data-rsp_bd=\"off\" data-padding=\"r:20,17,13,8;l:20,17,13,8;\" data-border=\"bor:500px,500px,500px,500px;\" data-frame_0=\"y:20px;\" data-frame_1=\"st:2500;sp:1500;sR:2500;\" data-frame_999=\"o:0;st:w;sp:1000;sR:3000;\" data-frame_hover=\"c:#556677;bgc:#fff;bor:500px,500px,500px,500px;\" style=\"z-index:8;background-color:#ff700a;font-family:&#039;Lato&#039;;\">PURCHASE THEME \n\t\t\t\t\t\t\t<\/a><!--\n-->\t\t\t\t\t<\/rs-slide>\n\t\t\t\t\t\t<rs-slide style=\"position: absolute;\" data-key=\"rs-2\" data-title=\"Slide\" data-thumb=\"\/\/air-city-service.com\/wp-content\/uploads\/revslider\/slider-home-2\/slider_02.jpg\" data-anim=\"ms:1500ms;\" data-filter=\"e:late;b:6;\" data-in=\"o:0;sx:1.05;sy:1.05;e:power1.in;\">\n\t\t\t\t\t\t\t<img decoding=\"async\" src=\"\/\/airport-shuttle.com\/wp-content\/plugins\/revslider\/sr6\/assets\/assets\/dummy.png\" alt=\"\" title=\"slider_02.jpg\" width=\"1920\" height=\"640\" class=\"rev-slidebg tp-rs-img rs-lazyload\" data-lazyload=\"\/\/air-city-service.com\/wp-content\/uploads\/revslider\/slider-home-2\/slider_02.jpg\" data-no-retina>\n<!--\n\t\t\t\t\t\t\t--><rs-layer\n\t\t\t\t\t\t\t\tid=\"slider-1-slide-2-layer-0\" \n\t\t\t\t\t\t\t\tdata-type=\"text\"\n\t\t\t\t\t\t\t\tdata-rsp_ch=\"on\"\n\t\t\t\t\t\t\t\tdata-xy=\"x:c;yo:240px,240px,255px,250px;\"\n\t\t\t\t\t\t\t\tdata-text=\"w:normal;s:60,60,50,24;l:72,72,60,34;fw:900;a:center;\"\n\t\t\t\t\t\t\t\tdata-dim=\"w:1220px,940px,750px,460px;\"\n\t\t\t\t\t\t\t\tdata-frame_0=\"oZ:0px;\"\n\t\t\t\t\t\t\t\tdata-frame_0_words=\"d:5;y:100px,77px,61px,37px;rX:0deg;\"\n\t\t\t\t\t\t\t\tdata-frame_1=\"e:power4.inOut;st:500;sp:2000;sR:500;\"\n\t\t\t\t\t\t\t\tdata-frame_1_words=\"e:power4.inOut;d:12;\"\n\t\t\t\t\t\t\t\tdata-frame_999=\"o:0;e:power4.inOut;st:w;sp:1000;\"\n\t\t\t\t\t\t\t\tstyle=\"z-index:10;font-family:'Lato';\"\n\t\t\t\t\t\t\t>Need a Chauffeur for a Ride? \n\t\t\t\t\t\t\t<\/rs-layer><!--\n\n\t\t\t\t\t\t\t--><rs-layer\n\t\t\t\t\t\t\t\tid=\"slider-1-slide-2-layer-1\" \n\t\t\t\t\t\t\t\tdata-type=\"text\"\n\t\t\t\t\t\t\t\tdata-rsp_ch=\"on\"\n\t\t\t\t\t\t\t\tdata-xy=\"x:c;y:m;yo:30px,30px,30px,-10px;\"\n\t\t\t\t\t\t\t\tdata-text=\"w:normal;s:38,38,32,21;l:44,44,44,32;fw:300;a:center;\"\n\t\t\t\t\t\t\t\tdata-dim=\"w:1220px,940px,750px,460px;\"\n\t\t\t\t\t\t\t\tdata-frame_0=\"y:20px,15px,11px,6px;\"\n\t\t\t\t\t\t\t\tdata-frame_1=\"st:2000;sp:1500;sR:2000;\"\n\t\t\t\t\t\t\t\tdata-frame_999=\"o:0;st:w;sp:1000;sR:3500;\"\n\t\t\t\t\t\t\t\tstyle=\"z-index:9;font-family:'Lato';\"\n\t\t\t\t\t\t\t>Book Now and Save up to 25% Off Worldwide \n\t\t\t\t\t\t\t<\/rs-layer><!--\n\n\t\t\t\t\t\t\t--><a id=\"slider-1-slide-2-layer-2\" class=\"rs-layer rev-btn\" href=\"http:\/\/quanticalabs.com\/wp_themes4\/autoride\/booking\/\" target=\"_self\" rel=\"nofollow noopener\" data-type=\"button\" data-xy=\"x:c;y:m;yo:125px,125px,115px,60px;\" data-text=\"w:normal;s:14;l:50;a:center;\" data-dim=\"w:160px;h:52px;\" data-rsp_o=\"off\" data-rsp_bd=\"off\" data-padding=\"r:20,17,13,8;l:20,17,13,8;\" data-border=\"bor:500px,500px,500px,500px;\" data-frame_0=\"y:20px;\" data-frame_1=\"st:2500;sp:1500;sR:2500;\" data-frame_999=\"o:0;st:w;sp:1000;sR:3000;\" data-frame_hover=\"c:#556677;bgc:#fff;bor:500px,500px,500px,500px;\" style=\"z-index:8;background-color:#ff700a;font-family:&#039;Lato&#039;;\">GET A QUOTE \n\t\t\t\t\t\t\t<\/a><!--\n-->\t\t\t\t\t<\/rs-slide>\n\t\t\t\t\t\t<rs-slide style=\"position: absolute;\" data-key=\"rs-3\" data-title=\"Slide\" data-thumb=\"\/\/air-city-service.com\/wp-content\/uploads\/revslider\/slider-home-2\/slider_01.jpg\" data-anim=\"ms:1500ms;\" data-filter=\"e:late;b:6;\" data-in=\"o:0;sx:1.05;sy:1.05;e:power1.in;\">\n\t\t\t\t\t\t\t<img decoding=\"async\" src=\"\/\/airport-shuttle.com\/wp-content\/plugins\/revslider\/sr6\/assets\/assets\/dummy.png\" alt=\"\" title=\"slider_01.jpg\" width=\"1920\" height=\"640\" class=\"rev-slidebg tp-rs-img rs-lazyload\" data-lazyload=\"\/\/air-city-service.com\/wp-content\/uploads\/revslider\/slider-home-2\/slider_01.jpg\" data-no-retina>\n<!--\n\t\t\t\t\t\t\t--><rs-layer\n\t\t\t\t\t\t\t\tid=\"slider-1-slide-3-layer-0\" \n\t\t\t\t\t\t\t\tdata-type=\"text\"\n\t\t\t\t\t\t\t\tdata-rsp_ch=\"on\"\n\t\t\t\t\t\t\t\tdata-xy=\"x:c;yo:240px,240px,255px,250px;\"\n\t\t\t\t\t\t\t\tdata-text=\"w:normal;s:60,60,50,24;l:72,72,60,34;fw:900;a:center;\"\n\t\t\t\t\t\t\t\tdata-dim=\"w:1220px,940px,750px,460px;\"\n\t\t\t\t\t\t\t\tdata-frame_0=\"oZ:0px;\"\n\t\t\t\t\t\t\t\tdata-frame_0_words=\"d:5;y:100px,77px,61px,37px;rX:0deg;\"\n\t\t\t\t\t\t\t\tdata-frame_1=\"e:power4.inOut;st:500;sp:2000;sR:500;\"\n\t\t\t\t\t\t\t\tdata-frame_1_words=\"e:power4.inOut;d:12;\"\n\t\t\t\t\t\t\t\tdata-frame_999=\"o:0;e:power4.inOut;st:w;sp:1000;\"\n\t\t\t\t\t\t\t\tstyle=\"z-index:10;font-family:'Lato';\"\n\t\t\t\t\t\t\t>First Class. Worldwide. \n\t\t\t\t\t\t\t<\/rs-layer><!--\n\n\t\t\t\t\t\t\t--><rs-layer\n\t\t\t\t\t\t\t\tid=\"slider-1-slide-3-layer-1\" \n\t\t\t\t\t\t\t\tdata-type=\"text\"\n\t\t\t\t\t\t\t\tdata-rsp_ch=\"on\"\n\t\t\t\t\t\t\t\tdata-xy=\"x:c;y:m;yo:30px,30px,30px,-10px;\"\n\t\t\t\t\t\t\t\tdata-text=\"w:normal;s:38,38,32,21;l:44,44,44,32;fw:300;a:center;\"\n\t\t\t\t\t\t\t\tdata-dim=\"w:1220px,940px,750px,460px;\"\n\t\t\t\t\t\t\t\tdata-frame_0=\"y:20px,15px,11px,6px;\"\n\t\t\t\t\t\t\t\tdata-frame_1=\"st:2000;sp:1500;sR:2000;\"\n\t\t\t\t\t\t\t\tdata-frame_999=\"o:0;st:w;sp:1000;sR:3500;\"\n\t\t\t\t\t\t\t\tstyle=\"z-index:9;font-family:'Lato';\"\n\t\t\t\t\t\t\t>A Chauffeur Service for Any Purpose \n\t\t\t\t\t\t\t<\/rs-layer><!--\n\n\t\t\t\t\t\t\t--><a id=\"slider-1-slide-3-layer-2\" class=\"rs-layer rev-btn\" href=\"https:\/\/1.envato.market\/quanticalabs\" target=\"_blank\" rel=\"nofollow noopener\" data-type=\"button\" data-xy=\"x:c;y:m;yo:125px,125px,115px,60px;\" data-text=\"w:normal;s:14;l:50;a:center;\" data-dim=\"w:190px;h:52px;\" data-rsp_o=\"off\" data-rsp_bd=\"off\" data-padding=\"r:20,17,13,8;l:20,17,13,8;\" data-border=\"bor:500px,500px,500px,500px;\" data-frame_0=\"y:20px;\" data-frame_1=\"st:2500;sp:1500;sR:2500;\" data-frame_999=\"o:0;st:w;sp:1000;sR:3000;\" data-frame_hover=\"c:#556677;bgc:#fff;bor:500px,500px,500px,500px;\" style=\"z-index:8;background-color:#ff700a;font-family:&#039;Lato&#039;;\">PURCHASE THEME \n\t\t\t\t\t\t\t<\/a><!--\n-->\t\t\t\t\t<\/rs-slide>\n\t\t\t\t\t<\/rs-slides>\n\t\t\t\t<\/rs-module>\n\t\t\t\t<script>\n\t\t\t\t\tsetREVStartSize({c: 'rev_slider_1_1',rl:[1240,1024,778,480],el:[640,640,640,640],gw:[1220,940,750,460],gh:[640,640,640,640],type:'standard',justify:'',layout:'fullwidth',mh:\"0\"});if (window.RS_MODULES!==undefined && window.RS_MODULES.modules!==undefined && window.RS_MODULES.modules[\"revslider11\"]!==undefined) {window.RS_MODULES.modules[\"revslider11\"].once = false;window.revapi1 = undefined;if (window.RS_MODULES.checkMinimal!==undefined) window.RS_MODULES.checkMinimal()}\n\t\t\t\t<\/script>\n\t\t\t<\/rs-module-wrap>\n\t\t\t<!-- END REVOLUTION SLIDER -->\n[\/vc_column][\/vc_row][vc_row el_class=\u00a0\u00bbtheme-margin-top-100&Prime;][vc_column]\n            <div class=\"theme-component-feature theme-component-feature-style-1\">\n                [vc_row_inner][vc_column_inner width=\u00a0\u00bb1\/4&Prime;]\r\n            <div class=\"theme-component-feature-item\">\r\n                <span class=\"theme-icon-feature-garage theme-component-feature-item-icon\"><span><\/span><\/span>\r\n                <h4 class=\"theme-component-feature-item-header\">Safety First<\/h4><p>Experienced staff and professionally trained chauffeurs<\/p>\n\r\n            <\/div>\r\n        [\/vc_column_inner][vc_column_inner width=\u00a0\u00bb1\/4&Prime;]\r\n            <div class=\"theme-component-feature-item\">\r\n                <span class=\"theme-icon-feature-paper-plane theme-component-feature-item-icon\"><span><\/span><\/span>\r\n                <h4 class=\"theme-component-feature-item-header\">Reasonable Rates<\/h4><p>We can offer you the right vehicle at the right price to fit your budget<\/p>\n\r\n            <\/div>\r\n        [\/vc_column_inner][vc_column_inner width=\u00a0\u00bb1\/4&Prime;]\r\n            <div class=\"theme-component-feature-item\">\r\n                <span class=\"theme-icon-feature-bus-1 theme-component-feature-item-icon\"><span><\/span><\/span>\r\n                <h4 class=\"theme-component-feature-item-header\">Largest Fleet<\/h4><p>We offer an extensive fleet of vehicles including sedans, limousines and coach buses<\/p>\n\r\n            <\/div>\r\n        [\/vc_column_inner][vc_column_inner width=\u00a0\u00bb1\/4&Prime;]\r\n            <div class=\"theme-component-feature-item\">\r\n                <span class=\"theme-icon-feature-road-pin theme-component-feature-item-icon\"><span><\/span><\/span>\r\n                <h4 class=\"theme-component-feature-item-header\">Nationwide Service<\/h4><p>We provide our transportation services nationwide<\/p>\n\r\n            <\/div>\r\n        [\/vc_column_inner][\/vc_row_inner]\n            <\/div>\n        [\/vc_column][\/vc_row][vc_row full_width=\u00a0\u00bbstretch_row\u00a0\u00bb el_class=\u00a0\u00bbtheme-margin-bottom-30&Prime;][vc_column][vc_single_image image=\u00a0\u00bb10488&Prime; img_size=\u00a0\u00bbfull\u00a0\u00bb el_class=\u00a0\u00bbtheme-image-style-3&Prime;][vc_single_image image=\u00a0\u00bb11304&Prime; img_size=\u00a0\u00bbfull\u00a0\u00bb el_class=\u00a0\u00bbtheme-image-style-3&Prime;][\/vc_column][\/vc_row][vc_row el_class=\u00a0\u00bbtheme-margin-bottom-40&Prime;][vc_column]\n            <div class=\"theme-component-blockquote theme-component-blockquote-style-1\">\n                <span class=\"theme-icon-meta-quote\"><\/span>\n                <blockquote>Je vous invite \u00e0 essayer notre service et je vous garantis personnellement<br \/>\nvous vivrez une exp\u00e9rience pleinement satisfaite.<\/blockquote>\n                <div>Anna Criado - Chairman &amp; CEO<\/div>\n            <\/div>\n        [\/vc_column][\/vc_row][vc_row full_width=\u00a0\u00bbstretch_row_content_no_spaces\u00a0\u00bb equal_height=\u00a0\u00bbyes\u00a0\u00bb][vc_column width=\u00a0\u00bb1\/2&Prime; css=\u00a0\u00bb.vc_custom_1578553329781{background-image: url(http:\/\/air-city-service.com\/wp-content\/uploads\/2019\/04\/image_03.jpg?id=11323) !important;}\u00a0\u00bb][\/vc_column][vc_column width=\u00a0\u00bb1\/2&Prime; el_class=\u00a0\u00bbtheme-column-style-1 theme-background-color-12&Prime;][vc_custom_heading text=\u00a0\u00bbChez Autoride, nous sommes fiers de transporter<br \/>\nDes services complets pour r\u00e9pondre \u00e0 tous vos besoins\u00a0\u00bb font_container=\u00a0\u00bbtag:h3|text_align:left\u00a0\u00bb use_theme_fonts=\u00a0\u00bbyes\u00a0\u00bb][vc_column_text]Entreprise familiale depuis sa cr\u00e9ation en 1995, l&rsquo;entreprise est pass\u00e9e de 5 v\u00e9hicules \u00e0 plus de 150 v\u00e9hicules aujourd&rsquo;hui. Gr\u00e2ce aux strat\u00e9gies commerciales innovantes de la pr\u00e9sidente-directrice g\u00e9n\u00e9rale Anna Criado au cours des deux derni\u00e8res d\u00e9cennies et demie, AutoRide a connu une croissance continue.[\/vc_column_text][vc_row_inner][vc_column_inner width=\u00a0\u00bb1\/2&Prime;]<div class=\"theme-component-list theme-component-list-style-2 theme-margin-top-40\">\n<ul>\n<li>Highly Experienced Staff<\/li>\n<li>24\/7 Full-Service Transportation<\/li>\n<li>Longstanding Safety Record<\/li>\n<\/ul>\n<\/div>[\/vc_column_inner][vc_column_inner width=\u00a0\u00bb1\/2&Prime;]<div class=\"theme-component-list theme-component-list-style-2 theme-margin-top-40\">\n<ul>\n<li>Largest Fleet<\/li>\n<li>Nationwide Service<\/li>\n<li>Global Network<\/li>\n<\/ul>\n<\/div>[\/vc_column_inner][\/vc_row_inner][\/vc_column][\/vc_row][vc_row el_class=\u00a0\u00bbtheme-column-style-2 theme-padding-bottom-60&Prime;][vc_column width=\u00a0\u00bb1\/2&Prime; el_class=\u00a0\u00bbtheme-margin-bottom-40&Prime;][vc_custom_heading text=\u00a0\u00bbService client exceptionnel\u00a0\u00bb font_container=\u00a0\u00bbtag:h3|text_align:center\u00a0\u00bb use_theme_fonts=\u00a0\u00bbyes\u00a0\u00bb el_class=\u00a0\u00bbtheme-margin-top-40&Prime;]\r\n            <p class=\"theme-component-paragraph-large theme-component-paragraph-large-style-1 aligncenter\">\r\n                By offering exceptional service with no detail unattended, we have been fortunate enough to have developed into the leading provider of ground transportation in the area. Our goal is to make your travels safe, effortless and on schedule.\r\n            <\/p>\r\n        \r\n            <div class=\"theme-component-button theme-component-button-style-1 aligncenter aligncenter theme-margin-top-40\">\r\n                <a href=\"http:\/\/quanticalabs.com\/wp_themes4\/autoride\/about-us-ii\/\" target=\"_self\" rel=\"noopener\">\r\n                    Learn More\r\n                <\/a>\r\n            <\/div>\r\n        [\/vc_column][vc_column width=\u00a0\u00bb1\/2&Prime; el_class=\u00a0\u00bbtheme-margin-bottom-0&Prime;][vc_row][vc_column el_class=\"theme-margin-bottom-0\"]\n            <div data-column_count=\"2\" class=\"theme-component-gallery theme-component-gallery-type-2 theme-component-gallery-effect-type-1 theme-margin-bottom-0\">\n                <ul>\n                    \n                <\/ul>\n            <\/div>\n        [\/vc_column][\/vc_row][\/vc_column][\/vc_row][vc_row full_width=\u00a0\u00bbstretch_row\u00a0\u00bb el_class=\u00a0\u00bbtheme-background-color-7&Prime;][vc_column el_class=\u00a0\u00bbtheme-column-style-2 theme-margin-bottom-0&Prime;]\r\n            <div class=\"theme-component-header-subheader aligncenter\">\r\n                <div class=\"theme-component-header-subheader-subheader\">WHAT WE OFFER<\/div>\r\n                <h2 class=\"theme-component-header-subheader-header\">See What We Can Do for You<\/h2>\r\n            <\/div>\r\n        [vc_row][vc_column el_class=\"theme-margin-bottom-10\"]\n            <div data-column_count=\"2\" class=\"theme-component-gallery theme-component-gallery-type-1 theme-component-gallery-effect-type-2\">\n                <ul>\n                    \n                <\/ul>\n            <\/div>\n        [\/vc_column][\/vc_row]\r\n            <div class=\"theme-component-button theme-component-button-style-1 aligncenter\">\r\n                <a href=\"http:\/\/quanticalabs.com\/wp_themes4\/autoride\/our-services-i\/\" target=\"_self\" rel=\"noopener\">\r\n                    More Services\r\n                <\/a>\r\n            <\/div>\r\n        [\/vc_column][\/vc_row][vc_row el_class=\u00a0\u00bbtheme-column-style-2&Prime;][vc_column el_class=\u00a0\u00bbtheme-margin-bottom-0&Prime;]\r\n            <div class=\"theme-component-header-subheader aligncenter\">\r\n                <div class=\"theme-component-header-subheader-subheader\">MEET OUR DRIVERS<\/div>\r\n                <h2 class=\"theme-component-header-subheader-header\">Your Safety Is Our Top Priority<\/h2>\r\n            <\/div>\r\n        \n                <div class=\"theme-component-driver-list theme-component-driver-list-style-2 theme-margin-bottom-10\">\n                    [vc_row_inner][vc_column_inner width=\u00a0\u00bb1\/3&Prime;]\n                <div class=\"theme-component-driver-list-item\">\n                    <div class=\"theme-component-driver-list-item-image\"><a href=\"http:\/\/quanticalabs.com\/wp_themes4\/autoride\/mark-webster\/\" target=\"_blank\" rel=\"noopener\"><img decoding=\"async\" src=\"https:\/\/airport-shuttle.com\/wp-content\/uploads\/2019\/04\/driver_03.jpg\" alt=\"Image\" \/><\/a><\/div>\n                    <h4><a href=\"http:\/\/quanticalabs.com\/wp_themes4\/autoride\/mark-webster\/\" target=\"_blank\" rel=\"noopener\">GEORGE SASIN<\/a><\/h4>\n                    <div class=\"theme-component-driver-list-item-position\">Driver<\/div>\n                    \n                    \n                <\/div>\n            [\/vc_column_inner][vc_column_inner width=\u00a0\u00bb1\/3&Prime;]\n                <div class=\"theme-component-driver-list-item\">\n                    <div class=\"theme-component-driver-list-item-image\"><a href=\"http:\/\/quanticalabs.com\/wp_themes4\/autoride\/mark-webster\/\" target=\"_blank\" rel=\"noopener\"><img decoding=\"async\" src=\"https:\/\/airport-shuttle.com\/wp-content\/uploads\/2019\/04\/driver_01.jpg\" alt=\"Image\" \/><\/a><\/div>\n                    <h4><a href=\"http:\/\/quanticalabs.com\/wp_themes4\/autoride\/mark-webster\/\" target=\"_blank\" rel=\"noopener\">MARK WEBSTER<\/a><\/h4>\n                    <div class=\"theme-component-driver-list-item-position\">Driver<\/div>\n                    \n                    \n                <\/div>\n            [\/vc_column_inner][vc_column_inner width=\u00a0\u00bb1\/3&Prime;]\n                <div class=\"theme-component-driver-list-item\">\n                    <div class=\"theme-component-driver-list-item-image\"><a href=\"http:\/\/quanticalabs.com\/wp_themes4\/autoride\/mark-webster\/\" target=\"_blank\" rel=\"noopener\"><img decoding=\"async\" src=\"https:\/\/airport-shuttle.com\/wp-content\/uploads\/2019\/04\/driver_02-1.jpg\" alt=\"Image\" \/><\/a><\/div>\n                    <h4><a href=\"http:\/\/quanticalabs.com\/wp_themes4\/autoride\/mark-webster\/\" target=\"_blank\" rel=\"noopener\">Ilies Bensmaine<\/a><\/h4>\n                    <div class=\"theme-component-driver-list-item-position\">Driver<\/div>\n                    \n                    \n                <\/div>\n            [\/vc_column_inner][\/vc_row_inner]\n                <\/div>\n            \r\n            <div class=\"theme-component-button theme-component-button-style-3 aligncenter\">\r\n                <a href=\"http:\/\/quanticalabs.com\/wp_themes4\/autoride\/meet-our-drivers\/\" target=\"_self\" rel=\"noopener\">\r\n                    Meet Our Drivers\r\n                <\/a>\r\n            <\/div>\r\n        [\/vc_column][\/vc_row][vc_row full_width=\u00a0\u00bbstretch_row\u00a0\u00bb el_class=\u00a0\u00bbtheme-background-color-7 theme-padding-top-100 theme-padding-bottom-20&Prime;][vc_column]\r\n            <div class=\"theme-component-header-subheader aligncenter\">\r\n                <div class=\"theme-component-header-subheader-subheader\">COMMITMENT TO WORK<\/div>\r\n                <h2 class=\"theme-component-header-subheader-header\">Our Competences<\/h2>\r\n            <\/div>\r\n        \n            <div class=\"theme-component-feature-image-list\">\n                [vc_row_inner][vc_column_inner width=\u00a0\u00bb1\/2&Prime;][\/vc_column_inner][vc_column_inner width=\u00a0\u00bb1\/2&Prime;][\/vc_column_inner][\/vc_row_inner]\n            <\/div>\n        [\/vc_column][\/vc_row]<\/p>\n<\/div>","protected":false},"excerpt":{"rendered":"<p>[vc_row full_width=\u00a0\u00bbstretch_row_content_no_spaces\u00a0\u00bb el_class=\u00a0\u00bbtheme-overflow-hidden\u00a0\u00bb][vc_column el_class=\u00a0\u00bbtheme-margin-bottom-0&Prime;][\/vc_column][\/vc_row][vc_row el_class=\u00a0\u00bbtheme-margin-top-100&Prime;][vc_column][\/vc_column][\/vc_row][vc_row full_width=\u00a0\u00bbstretch_row\u00a0\u00bb el_class=\u00a0\u00bbtheme-margin-bottom-30&Prime;][vc_column][vc_single_image image=\u00a0\u00bb10488&Prime; img_size=\u00a0\u00bbfull\u00a0\u00bb el_class=\u00a0\u00bbtheme-image-style-3&Prime;][vc_single_image image=\u00a0\u00bb11304&Prime; img_size=\u00a0\u00bbfull\u00a0\u00bb el_class=\u00a0\u00bbtheme-image-style-3&Prime;][\/vc_column][\/vc_row][vc_row el_class=\u00a0\u00bbtheme-margin-bottom-40&Prime;][vc_column][\/vc_column][\/vc_row][vc_row full_width=\u00a0\u00bbstretch_row_content_no_spaces\u00a0\u00bb equal_height=\u00a0\u00bbyes\u00a0\u00bb][vc_column width=\u00a0\u00bb1\/2&Prime; css=\u00a0\u00bb.vc_custom_1578553329781{background-image: url(http:\/\/air-city-service.com\/wp-content\/uploads\/2019\/04\/image_03.jpg?id=11323) !important;}\u00a0\u00bb][\/vc_column][vc_column width=\u00a0\u00bb1\/2&Prime; el_class=\u00a0\u00bbtheme-column-style-1 theme-background-color-12&Prime;][vc_custom_heading text=\u00a0\u00bbChez Autoride, nous sommes fiers de transporter Des services complets pour r\u00e9pondre \u00e0 tous vos besoins\u00a0\u00bb font_container=\u00a0\u00bbtag:h3|text_align:left\u00a0\u00bb use_theme_fonts=\u00a0\u00bbyes\u00a0\u00bb][vc_column_text]Entreprise familiale depuis sa cr\u00e9ation en 1995, l&rsquo;entreprise est pass\u00e9e de 5 v\u00e9hicules \u00e0 plus [&#8230;]<\/p>\n","protected":false},"author":1,"featured_media":0,"parent":0,"menu_order":0,"comment_status":"closed","ping_status":"closed","template":"","meta":{"footnotes":""},"class_list":["post-18473","page","type-page","status-publish","hentry"],"_links":{"self":[{"href":"https:\/\/airport-shuttle.com\/fr\/wp-json\/wp\/v2\/pages\/18473","targetHints":{"allow":["GET"]}}],"collection":[{"href":"https:\/\/airport-shuttle.com\/fr\/wp-json\/wp\/v2\/pages"}],"about":[{"href":"https:\/\/airport-shuttle.com\/fr\/wp-json\/wp\/v2\/types\/page"}],"author":[{"embeddable":true,"href":"https:\/\/airport-shuttle.com\/fr\/wp-json\/wp\/v2\/users\/1"}],"replies":[{"embeddable":true,"href":"https:\/\/airport-shuttle.com\/fr\/wp-json\/wp\/v2\/comments?post=18473"}],"version-history":[{"count":8,"href":"https:\/\/airport-shuttle.com\/fr\/wp-json\/wp\/v2\/pages\/18473\/revisions"}],"predecessor-version":[{"id":18506,"href":"https:\/\/airport-shuttle.com\/fr\/wp-json\/wp\/v2\/pages\/18473\/revisions\/18506"}],"wp:attachment":[{"href":"https:\/\/airport-shuttle.com\/fr\/wp-json\/wp\/v2\/media?parent=18473"}],"curies":[{"name":"wp","href":"https:\/\/api.w.org\/{rel}","templated":true}]}}