 {"id":12757,"date":"2021-11-10T03:33:29","date_gmt":"2021-11-10T02:33:29","guid":{"rendered":"https:\/\/air-city-service.com\/nous-contacter\/"},"modified":"2024-04-08T09:30:38","modified_gmt":"2024-04-08T07:30:38","slug":"nous-contacter","status":"publish","type":"page","link":"https:\/\/airport-shuttle.com\/fr\/nous-contacter\/","title":{"rendered":"Nous contacter"},"content":{"rendered":"<div class=\"wpb-content-wrapper\"><p>[vc_row full_width=\u00a0\u00bbstretch_row_content\u00a0\u00bb equal_height=\u00a0\u00bbyes\u00a0\u00bb][vc_column width=\u00a0\u00bb1\/3&Prime; el_class=\u00a0\u00bbtheme-column-style-4 theme-background-color-12&Prime;][vc_custom_heading text=\u00a0\u00bbPr\u00e9sident du Conseil\u00a0\u00bb font_container=\u00a0\u00bbtag:h3|text_align:left\u00a0\u00bb use_theme_fonts=\u00a0\u00bbyes\u00a0\u00bb][vc_column_text]Marc Pierre<br \/>\nT\u00e9l\u00e9phone : (620) 252 8021, T\u00e9l\u00e9copieur : (620) 252 8022<br \/>\nCourriel : <a href=\"mailto:mark.peter@autoride.com\">mark.peter@autoride.com<\/a>[\/vc_column_text][vc_custom_heading text=\u00a0\u00bbDirecteur du d\u00e9veloppement\u00a0\u00bb font_container=\u00a0\u00bbtag:h3|text_align:left\u00a0\u00bb use_theme_fonts=\u00a0\u00bbyes\u00a0\u00bb el_class=\u00a0\u00bbtheme-margin-top-50&Prime;][vc_column_text]Jean Vert<br \/>\nT\u00e9l\u00e9phone : (605) 242 6521, T\u00e9l\u00e9copieur : (605) 252 6525<br \/>\nCourriel : <a href=\"mailto:john.green@autoride.com\">john.green@autoride.com<\/a>[\/vc_column_text][\/vc_column][vc_column width=\u00a0\u00bb2\/3&Prime; el_class=\u00a0\u00bbtheme-column-style-3&Prime;]\r\n            <p class=\"theme-component-paragraph-large theme-component-paragraph-large-style-1 aligncenter theme-margin-bottom-60\">\r\n                Private chauffeur, sightseeing tour?<br \/>\nPlease fill out the form below with questions or comments\r\n            <\/p>\r\n        \n<div class=\"wpcf7 no-js\" id=\"wpcf7-f13412-o1\" lang=\"fr-FR\" dir=\"ltr\" data-wpcf7-id=\"13412\">\n<div class=\"screen-reader-response\"><p role=\"status\" aria-live=\"polite\" aria-atomic=\"true\"><\/p> <ul><\/ul><\/div>\n<form action=\"\/fr\/wp-json\/wp\/v2\/pages\/12757#wpcf7-f13412-o1\" method=\"post\" class=\"wpcf7-form init\" aria-label=\"Formulaire de contact\" novalidate=\"novalidate\" data-status=\"init\">\n<fieldset class=\"hidden-fields-container\"><input type=\"hidden\" name=\"_wpcf7\" value=\"13412\" \/><input type=\"hidden\" name=\"_wpcf7_version\" value=\"6.1.5\" \/><input type=\"hidden\" name=\"_wpcf7_locale\" value=\"fr_FR\" \/><input type=\"hidden\" name=\"_wpcf7_unit_tag\" value=\"wpcf7-f13412-o1\" \/><input type=\"hidden\" name=\"_wpcf7_container_post\" value=\"0\" \/><input type=\"hidden\" name=\"_wpcf7_posted_data_hash\" value=\"\" \/>\n<\/fieldset>\n<div class=\"vc_row\">\n\t<div class=\"vc_col-sm-6\">\n\t\t<p><label> Votre nom<br \/>\n<span class=\"wpcf7-form-control-wrap\" data-name=\"your-name\"><input size=\"40\" maxlength=\"400\" class=\"wpcf7-form-control wpcf7-text wpcf7-validates-as-required\" aria-required=\"true\" aria-invalid=\"false\" value=\"\" type=\"text\" name=\"your-name\" \/><\/span> <\/label>\n\t\t<\/p>\n\t<\/div>\n\t<div class=\"vc_col-sm-6\">\n\t\t<p><label> Votre email<br \/>\n<span class=\"wpcf7-form-control-wrap\" data-name=\"your-email\"><input size=\"40\" maxlength=\"400\" class=\"wpcf7-form-control wpcf7-email wpcf7-validates-as-required wpcf7-text wpcf7-validates-as-email\" aria-required=\"true\" aria-invalid=\"false\" value=\"\" type=\"email\" name=\"your-email\" \/><\/span> <\/label>\n\t\t<\/p>\n\t<\/div>\n<\/div>\n<div class=\"vc_row\">\n\t<div class=\"vc_col-sm-6\">\n\t\t<p><label> Num\u00e9ro de t\u00e9l\u00e9phone<br \/>\n<span class=\"wpcf7-form-control-wrap\" data-name=\"Phone\"><input size=\"40\" maxlength=\"400\" class=\"wpcf7-form-control wpcf7-tel wpcf7-validates-as-required wpcf7-text wpcf7-validates-as-tel\" aria-required=\"true\" aria-invalid=\"false\" placeholder=\"\" value=\"\" type=\"tel\" name=\"Phone\" \/><\/span> <\/label>\n\t\t<\/p>\n\t<\/div>\n\t<div class=\"vc_col-sm-6\">\n\t\t<p><label> Num\u00e9ro de r\u00e9servation<br \/>\n<span class=\"wpcf7-form-control-wrap\" data-name=\"booking-number\"><input size=\"40\" maxlength=\"400\" class=\"wpcf7-form-control wpcf7-text\" aria-invalid=\"false\" placeholder=\"\" value=\"\" type=\"text\" name=\"booking-number\" \/><\/span> <\/label>\n\t\t<\/p>\n\t<\/div>\n<\/div>\n<div class=\"vc_row\">\n\t<div class=\"vc_col-sm-12\">\n\t\t<p><label> Sujet<br \/>\n<span class=\"wpcf7-form-control-wrap\" data-name=\"your-subject\"><input size=\"40\" maxlength=\"400\" class=\"wpcf7-form-control wpcf7-text wpcf7-validates-as-required\" aria-required=\"true\" aria-invalid=\"false\" value=\"\" type=\"text\" name=\"your-subject\" \/><\/span> <\/label>\n\t\t<\/p>\n\t<\/div>\n<\/div>\n<div class=\"vc_row\">\n\t<div class=\"vc_col-sm-12\">\n\t\t<p><label> Votre message (facultatif)<br \/>\n<span class=\"wpcf7-form-control-wrap\" data-name=\"your-message\"><textarea cols=\"40\" rows=\"10\" maxlength=\"2000\" class=\"wpcf7-form-control wpcf7-textarea\" aria-invalid=\"false\" name=\"your-message\"><\/textarea><\/span> <\/label>\n\t\t<\/p>\n\t<\/div>\n<\/div>\n<div class=\"vc_row\">\n\t<div class=\"vc_col-sm-12\">\n\t\t<p><input class=\"wpcf7-form-control wpcf7-submit has-spinner\" type=\"submit\" value=\"Submit\" \/>\n\t\t<\/p>\n\t<\/div>\n<\/div><div class=\"wpcf7-response-output\" aria-hidden=\"true\"><\/div>\n<\/form>\n<\/div>\n[\/vc_column][\/vc_row]<\/p>\n<\/div>","protected":false},"excerpt":{"rendered":"<p>[vc_row full_width=\u00a0\u00bbstretch_row_content\u00a0\u00bb equal_height=\u00a0\u00bbyes\u00a0\u00bb][vc_column width=\u00a0\u00bb1\/3&Prime; el_class=\u00a0\u00bbtheme-column-style-4 theme-background-color-12&Prime;][vc_custom_heading text=\u00a0\u00bbPr\u00e9sident du Conseil\u00a0\u00bb font_container=\u00a0\u00bbtag:h3|text_align:left\u00a0\u00bb use_theme_fonts=\u00a0\u00bbyes\u00a0\u00bb][vc_column_text]Marc Pierre T\u00e9l\u00e9phone : (620) 252 8021, T\u00e9l\u00e9copieur : (620) 252 8022 Courriel : mark.peter@autoride.com[\/vc_column_text][vc_custom_heading text=\u00a0\u00bbDirecteur du d\u00e9veloppement\u00a0\u00bb font_container=\u00a0\u00bbtag:h3|text_align:left\u00a0\u00bb use_theme_fonts=\u00a0\u00bbyes\u00a0\u00bb el_class=\u00a0\u00bbtheme-margin-top-50&Prime;][vc_column_text]Jean Vert T\u00e9l\u00e9phone : (605) 242 6521, T\u00e9l\u00e9copieur : (605) 252 6525 Courriel : john.green@autoride.com[\/vc_column_text][\/vc_column][vc_column width=\u00a0\u00bb2\/3&Prime; el_class=\u00a0\u00bbtheme-column-style-3&Prime;][\/vc_column][\/vc_row]<\/p>\n","protected":false},"author":1,"featured_media":0,"parent":0,"menu_order":0,"comment_status":"closed","ping_status":"closed","template":"","meta":{"footnotes":""},"class_list":["post-12757","page","type-page","status-publish","hentry"],"_links":{"self":[{"href":"https:\/\/airport-shuttle.com\/fr\/wp-json\/wp\/v2\/pages\/12757","targetHints":{"allow":["GET"]}}],"collection":[{"href":"https:\/\/airport-shuttle.com\/fr\/wp-json\/wp\/v2\/pages"}],"about":[{"href":"https:\/\/airport-shuttle.com\/fr\/wp-json\/wp\/v2\/types\/page"}],"author":[{"embeddable":true,"href":"https:\/\/airport-shuttle.com\/fr\/wp-json\/wp\/v2\/users\/1"}],"replies":[{"embeddable":true,"href":"https:\/\/airport-shuttle.com\/fr\/wp-json\/wp\/v2\/comments?post=12757"}],"version-history":[{"count":21,"href":"https:\/\/airport-shuttle.com\/fr\/wp-json\/wp\/v2\/pages\/12757\/revisions"}],"predecessor-version":[{"id":18143,"href":"https:\/\/airport-shuttle.com\/fr\/wp-json\/wp\/v2\/pages\/12757\/revisions\/18143"}],"wp:attachment":[{"href":"https:\/\/airport-shuttle.com\/fr\/wp-json\/wp\/v2\/media?parent=12757"}],"curies":[{"name":"wp","href":"https:\/\/api.w.org\/{rel}","templated":true}]}}