 {"id":18436,"date":"2024-07-18T11:17:55","date_gmt":"2024-07-18T09:17:55","guid":{"rendered":"https:\/\/air-city-service.com\/conoce-a-nuestros-conductores\/"},"modified":"2024-07-18T11:18:01","modified_gmt":"2024-07-18T09:18:01","slug":"conoce-a-nuestros-conductores","status":"publish","type":"page","link":"https:\/\/airport-shuttle.com\/es\/conoce-a-nuestros-conductores\/","title":{"rendered":"Conoce a nuestros conductores"},"content":{"rendered":"<div class=\"wpb-content-wrapper\"><p>[vc_row el_class=\u00bbtheme-padding-bottom-20&#8243;][vc_column el_class=\u00bbtheme-margin-bottom-0&#8243;]\r\n            <p class=\"theme-component-paragraph-large theme-component-paragraph-large-style-2 aligncenter\">\r\n                Your safety is our top priority.<br \/>\nLet us introduce you to our highly qualified drivers.\r\n            <\/p>\r\n        [\/vc_column][\/vc_row][vc_row][vc_column el_class=\u00bbtheme-margin-bottom-0&#8243;]\n                <div class=\"theme-component-driver-list theme-component-driver-list-style-1\">\n                    [vc_row_inner][vc_column_inner][vc_empty_space][\/vc_column_inner][\/vc_row_inner][vc_row_inner][vc_column_inner width=\u00bb1\/3&#8243;]\n                <div class=\"theme-component-driver-list-item\">\n                    <div class=\"theme-component-driver-list-item-image\"><a href=\"http:\/\/quanticalabs.com\/wp_themes4\/autoride\/mark-webster\/\" target=\"_blank\" rel=\"noopener\"><img decoding=\"async\" src=\"https:\/\/airport-shuttle.com\/wp-content\/uploads\/2019\/04\/driver_03.jpg\" alt=\"Image\" \/><\/a><\/div>\n                    <h4><a href=\"http:\/\/quanticalabs.com\/wp_themes4\/autoride\/mark-webster\/\" target=\"_blank\" rel=\"noopener\">GEORGE SASIN<\/a><\/h4>\n                    <div class=\"theme-component-driver-list-item-position\">Driver<\/div>\n                    \n                    \n                <\/div>\n            [\/vc_column_inner][vc_column_inner width=\u00bb1\/3&#8243;]\n                <div class=\"theme-component-driver-list-item\">\n                    <div class=\"theme-component-driver-list-item-image\"><a href=\"http:\/\/quanticalabs.com\/wp_themes4\/autoride\/mark-webster\/\" target=\"_blank\" rel=\"noopener\"><img decoding=\"async\" src=\"https:\/\/airport-shuttle.com\/wp-content\/uploads\/2019\/04\/driver_01.jpg\" alt=\"Image\" \/><\/a><\/div>\n                    <h4><a href=\"http:\/\/quanticalabs.com\/wp_themes4\/autoride\/mark-webster\/\" target=\"_blank\" rel=\"noopener\">MARK WEBSTER<\/a><\/h4>\n                    <div class=\"theme-component-driver-list-item-position\">Driver<\/div>\n                    \n                    \n                <\/div>\n            [\/vc_column_inner][vc_column_inner width=\u00bb1\/3&#8243;]\n                <div class=\"theme-component-driver-list-item\">\n                    <div class=\"theme-component-driver-list-item-image\"><a href=\"http:\/\/quanticalabs.com\/wp_themes4\/autoride\/mark-webster\/\" target=\"_blank\" rel=\"noopener\"><img decoding=\"async\" src=\"https:\/\/airport-shuttle.com\/wp-content\/uploads\/2019\/04\/driver_02-1.jpg\" alt=\"Image\" \/><\/a><\/div>\n                    <h4><a href=\"http:\/\/quanticalabs.com\/wp_themes4\/autoride\/mark-webster\/\" target=\"_blank\" rel=\"noopener\">Ilies Bensmaine<\/a><\/h4>\n                    <div class=\"theme-component-driver-list-item-position\">Driver<\/div>\n                    \n                    \n                <\/div>\n            [\/vc_column_inner][\/vc_row_inner]\n                <\/div>\n            [\/vc_column][\/vc_row][vc_row el_class=\u00bbtheme-padding-bottom-40&#8243;][vc_column width=\u00bb1\/2&#8243;]\r\n            <p class=\"theme-component-paragraph-large theme-component-paragraph-large-style-2 alignleft\">\r\n                At AutoRide we pride ourselves in delivering<br \/>\nextensive services to fulfill all of your needs with first rate customer care.\r\n            <\/p>\r\n        [\/vc_column][vc_column width=\u00bb1\/2&#8243;][vc_column_text]Al ofrecer un servicio excepcional sin ning\u00fan detalle desatendido, hemos tenido la suerte de convertirnos en el proveedor l\u00edder de transporte terrestre en el \u00e1rea. Nuestro objetivo es hacer que sus viajes sean seguros, sin esfuerzo y a tiempo.[\/vc_column_text][\/vc_column][\/vc_row]<\/p>\n<\/div>","protected":false},"excerpt":{"rendered":"<p>[vc_row el_class=\u00bbtheme-padding-bottom-20&#8243;][vc_column el_class=\u00bbtheme-margin-bottom-0&#8243;][\/vc_column][\/vc_row][vc_row][vc_column el_class=\u00bbtheme-margin-bottom-0&#8243;][\/vc_column][\/vc_row][vc_row el_class=\u00bbtheme-padding-bottom-40&#8243;][vc_column width=\u00bb1\/2&#8243;][\/vc_column][vc_column width=\u00bb1\/2&#8243;][vc_column_text]Al ofrecer un servicio excepcional sin ning\u00fan detalle desatendido, hemos tenido la suerte de convertirnos en el proveedor l\u00edder de transporte terrestre en el \u00e1rea. Nuestro objetivo es hacer que sus viajes sean seguros, sin esfuerzo y a tiempo.[\/vc_column_text][\/vc_column][\/vc_row]<\/p>\n","protected":false},"author":1,"featured_media":0,"parent":0,"menu_order":0,"comment_status":"closed","ping_status":"closed","template":"","meta":{"footnotes":""},"class_list":["post-18436","page","type-page","status-publish","hentry"],"_links":{"self":[{"href":"https:\/\/airport-shuttle.com\/es\/wp-json\/wp\/v2\/pages\/18436","targetHints":{"allow":["GET"]}}],"collection":[{"href":"https:\/\/airport-shuttle.com\/es\/wp-json\/wp\/v2\/pages"}],"about":[{"href":"https:\/\/airport-shuttle.com\/es\/wp-json\/wp\/v2\/types\/page"}],"author":[{"embeddable":true,"href":"https:\/\/airport-shuttle.com\/es\/wp-json\/wp\/v2\/users\/1"}],"replies":[{"embeddable":true,"href":"https:\/\/airport-shuttle.com\/es\/wp-json\/wp\/v2\/comments?post=18436"}],"version-history":[{"count":10,"href":"https:\/\/airport-shuttle.com\/es\/wp-json\/wp\/v2\/pages\/18436\/revisions"}],"predecessor-version":[{"id":18463,"href":"https:\/\/airport-shuttle.com\/es\/wp-json\/wp\/v2\/pages\/18436\/revisions\/18463"}],"wp:attachment":[{"href":"https:\/\/airport-shuttle.com\/es\/wp-json\/wp\/v2\/media?parent=18436"}],"curies":[{"name":"wp","href":"https:\/\/api.w.org\/{rel}","templated":true}]}}